{"id":60,"date":"2026-02-24T08:23:03","date_gmt":"2026-02-24T08:23:03","guid":{"rendered":"https:\/\/heidibobal.com\/?page_id=60"},"modified":"2026-02-24T18:52:19","modified_gmt":"2026-02-24T18:52:19","slug":"uber-mich","status":"publish","type":"page","link":"https:\/\/heidibobal.com\/en\/uber-mich\/","title":{"rendered":"About Me"},"content":{"rendered":"<div data-elementor-type=\"wp-page\" data-elementor-id=\"60\" class=\"elementor elementor-60\">\n\t\t\t\t<div class=\"elementor-element elementor-element-8d00d4d e-con-full e-flex e-con e-parent\" data-id=\"8d00d4d\" data-element_type=\"container\" data-e-type=\"container\" data-settings=\"{&quot;background_background&quot;:&quot;classic&quot;}\">\n\t\t<div class=\"elementor-element elementor-element-5e2b168f e-con-full e-flex e-con e-child\" data-id=\"5e2b168f\" data-element_type=\"container\" data-e-type=\"container\">\n\t\t\t\t<div class=\"elementor-element elementor-element-a637b2a elementor-widget-mobile__width-initial elementor-widget elementor-widget-image\" data-id=\"a637b2a\" data-element_type=\"widget\" data-e-type=\"widget\" data-widget_type=\"image.default\">\n\t\t\t\t\t\t\t\t\t\t\t\t\t\t\t<img decoding=\"async\" src=\"https:\/\/heidibobal.com\/wp-content\/uploads\/2026\/02\/LOGO8a-blu-bg.jpg\" title=\"LOGO8a-blu-bg\" alt=\"Bobal Sound Studio Logo\" loading=\"lazy\" \/>\t\t\t\t\t\t\t\t\t\t\t\t\t\t\t<\/div>\n\t\t\t\t<\/div>\n\t\t<div class=\"elementor-element elementor-element-467d3ee4 e-con-full e-flex e-con e-child\" data-id=\"467d3ee4\" data-element_type=\"container\" data-e-type=\"container\">\n\t\t\t\t<div class=\"elementor-element elementor-element-1e5dae07 elementor-widget elementor-widget-heading\" data-id=\"1e5dae07\" data-element_type=\"widget\" data-e-type=\"widget\" data-widget_type=\"heading.default\">\n\t\t\t\t\t<h1 class=\"elementor-heading-title elementor-size-default\">Sometimes all it takes is someone who believes in you<\/h1>\t\t\t\t<\/div>\n\t\t\t\t<div class=\"elementor-element elementor-element-11de48d2 elementor-widget elementor-widget-text-editor\" data-id=\"11de48d2\" data-element_type=\"widget\" data-e-type=\"widget\" data-widget_type=\"text-editor.default\">\n\t\t\t\t\t\t\t\t\t<p>a woman to woman soundstudio<\/p>\t\t\t\t\t\t\t\t<\/div>\n\t\t\t\t<div class=\"elementor-element elementor-element-73e54867 elementor-hidden-desktop elementor-widget elementor-widget-ekit-nav-menu\" data-id=\"73e54867\" data-element_type=\"widget\" data-e-type=\"widget\" data-widget_type=\"ekit-nav-menu.default\">\n\t\t\t\t<div class=\"elementor-widget-container\">\n\t\t\t\t\t\t\t<nav class=\"ekit-wid-con ekit_menu_responsive_tablet\" \n\t\t\tdata-hamburger-icon=\"icon icon-menu-button-of-three-horizontal-lines\" \n\t\t\tdata-hamburger-icon-type=\"icon\" \n\t\t\tdata-responsive-breakpoint=\"1024\">\n\t\t\t            <button class=\"elementskit-menu-hamburger elementskit-menu-toggler\"  type=\"button\" aria-label=\"hamburger-icon\">\n                <svg class=\"ekit-menu-icon ekit-svg-icon icon-menu-button-of-three-horizontal-lines\" viewbox=\"0 0 32 32\" xmlns=\"http:\/\/www.w3.org\/2000\/svg\"><path d=\"M28.903 1.548h-25.806c-1.703 0-3.097 1.394-3.097 3.097s1.394 3.097 3.097 3.097h25.806c1.703 0 3.097-1.394 3.097-3.097s-1.394-3.097-3.097-3.097z\"><\/path><path d=\"M28.903 12.903h-25.806c-1.703 0-3.097 1.394-3.097 3.097s1.394 3.097 3.097 3.097h25.806c1.703 0 3.097-1.394 3.097-3.097s-1.394-3.097-3.097-3.097z\"><\/path><path d=\"M28.903 24.258h-25.806c-1.703 0-3.097 1.394-3.097 3.097s1.394 3.097 3.097 3.097h25.806c1.703 0 3.097-1.394 3.097-3.097s-1.394-3.097-3.097-3.097z\"><\/path><\/svg>            <\/button>\n            <div id=\"ekit-megamenu-main\" class=\"elementskit-menu-container elementskit-menu-offcanvas-elements elementskit-navbar-nav-default ekit-nav-menu-one-page-no ekit-nav-dropdown-hover\"><ul id=\"menu-main\" class=\"elementskit-navbar-nav elementskit-menu-po-left submenu-click-on-icon\"><li id=\"menu-item-71\" class=\"menu-item menu-item-type-post_type menu-item-object-page menu-item-home menu-item-71 nav-item elementskit-mobile-builder-content\" data-vertical-menu=\"750px\"><a href=\"https:\/\/heidibobal.com\/en\/\" class=\"ekit-menu-nav-link\">Welcome<\/a><\/li>\n<li id=\"menu-item-69\" class=\"menu-item menu-item-type-post_type menu-item-object-page menu-item-69 nav-item elementskit-mobile-builder-content\" data-vertical-menu=\"750px\"><a href=\"https:\/\/heidibobal.com\/en\/testimonials\/\" class=\"ekit-menu-nav-link\">Testimonials<\/a><\/li>\n<li id=\"menu-item-64\" class=\"menu-item menu-item-type-post_type menu-item-object-page menu-item-64 nav-item elementskit-mobile-builder-content\" data-vertical-menu=\"750px\"><a href=\"https:\/\/heidibobal.com\/en\/referenzen\/\" class=\"ekit-menu-nav-link\">Clients<\/a><\/li>\n<li id=\"menu-item-58\" class=\"menu-item menu-item-type-post_type menu-item-object-page menu-item-58 nav-item elementskit-mobile-builder-content\" data-vertical-menu=\"750px\"><a href=\"https:\/\/heidibobal.com\/en\/preise\/\" class=\"ekit-menu-nav-link\">Rates<\/a><\/li>\n<li id=\"menu-item-61\" class=\"menu-item menu-item-type-post_type menu-item-object-page menu-item-61 nav-item elementskit-mobile-builder-content\" data-vertical-menu=\"750px\"><a href=\"https:\/\/heidibobal.com\/en\/uber-mich\/\" class=\"ekit-menu-nav-link\">About Me<\/a><\/li>\n<\/ul><div class=\"elementskit-nav-identity-panel\"><button class=\"elementskit-menu-close elementskit-menu-toggler\" type=\"button\">X<\/button><\/div><\/div>\t\t\t\n\t\t\t<div class=\"elementskit-menu-overlay elementskit-menu-offcanvas-elements elementskit-menu-toggler ekit-nav-menu--overlay\"><\/div>        <\/nav>\n\t\t\t\t\t\t<\/div>\n\t\t\t\t<\/div>\n\t\t\t\t<\/div>\n\t\t\t\t<\/div>\n\t\t<div class=\"elementor-element elementor-element-16934551 e-con-full e-flex e-con e-parent\" data-id=\"16934551\" data-element_type=\"container\" data-e-type=\"container\" data-settings=\"{&quot;background_background&quot;:&quot;classic&quot;}\">\n\t\t<div class=\"elementor-element elementor-element-7958e9df e-grid elementor-hidden-tablet elementor-hidden-mobile e-con-boxed e-con e-child\" data-id=\"7958e9df\" data-element_type=\"container\" data-e-type=\"container\">\n\t\t\t\t\t<div class=\"e-con-inner\">\n\t\t\t\t<div class=\"elementor-element elementor-element-5f6f2214 elementor-align-center elementor-widget elementor-widget-button\" data-id=\"5f6f2214\" data-element_type=\"widget\" data-e-type=\"widget\" data-widget_type=\"button.default\">\n\t\t\t\t\t\t\t\t\t\t<a class=\"elementor-button elementor-button-link elementor-size-sm\" href=\"https:\/\/heidibobal.com\/en\/\">\n\t\t\t\t\t\t<span class=\"elementor-button-content-wrapper\">\n\t\t\t\t\t\t\t\t\t<span class=\"elementor-button-text\">Welcome<\/span>\n\t\t\t\t\t<\/span>\n\t\t\t\t\t<\/a>\n\t\t\t\t\t\t\t\t<\/div>\n\t\t\t\t<div class=\"elementor-element elementor-element-28236037 elementor-align-center elementor-widget elementor-widget-button\" data-id=\"28236037\" data-element_type=\"widget\" data-e-type=\"widget\" data-widget_type=\"button.default\">\n\t\t\t\t\t\t\t\t\t\t<a class=\"elementor-button elementor-button-link elementor-size-sm\" href=\"https:\/\/heidibobal.com\/en\/testimonials\/\">\n\t\t\t\t\t\t<span class=\"elementor-button-content-wrapper\">\n\t\t\t\t\t\t\t\t\t<span class=\"elementor-button-text\">Testimonials<\/span>\n\t\t\t\t\t<\/span>\n\t\t\t\t\t<\/a>\n\t\t\t\t\t\t\t\t<\/div>\n\t\t\t\t<div class=\"elementor-element elementor-element-22dbcd3e elementor-align-center elementor-widget elementor-widget-button\" data-id=\"22dbcd3e\" data-element_type=\"widget\" data-e-type=\"widget\" data-widget_type=\"button.default\">\n\t\t\t\t\t\t\t\t\t\t<a class=\"elementor-button elementor-button-link elementor-size-sm\" href=\"https:\/\/heidibobal.com\/en\/referenzen\/\">\n\t\t\t\t\t\t<span class=\"elementor-button-content-wrapper\">\n\t\t\t\t\t\t\t\t\t<span class=\"elementor-button-text\">Clients<\/span>\n\t\t\t\t\t<\/span>\n\t\t\t\t\t<\/a>\n\t\t\t\t\t\t\t\t<\/div>\n\t\t\t\t<div class=\"elementor-element elementor-element-7cda4cc2 elementor-align-center elementor-widget elementor-widget-button\" data-id=\"7cda4cc2\" data-element_type=\"widget\" data-e-type=\"widget\" data-widget_type=\"button.default\">\n\t\t\t\t\t\t\t\t\t\t<a class=\"elementor-button elementor-button-link elementor-size-sm\" href=\"https:\/\/heidibobal.com\/en\/preise\/\">\n\t\t\t\t\t\t<span class=\"elementor-button-content-wrapper\">\n\t\t\t\t\t\t\t\t\t<span class=\"elementor-button-text\">Rates<\/span>\n\t\t\t\t\t<\/span>\n\t\t\t\t\t<\/a>\n\t\t\t\t\t\t\t\t<\/div>\n\t\t\t\t<div class=\"elementor-element elementor-element-940528e elementor-align-center elementor-widget elementor-widget-button\" data-id=\"940528e\" data-element_type=\"widget\" data-e-type=\"widget\" data-widget_type=\"button.default\">\n\t\t\t\t\t\t\t\t\t\t<a class=\"elementor-button elementor-button-link elementor-size-sm\" href=\"https:\/\/heidibobal.com\/en\/uber-mich\/\">\n\t\t\t\t\t\t<span class=\"elementor-button-content-wrapper\">\n\t\t\t\t\t\t\t\t\t<span class=\"elementor-button-text\">About Me<\/span>\n\t\t\t\t\t<\/span>\n\t\t\t\t\t<\/a>\n\t\t\t\t\t\t\t\t<\/div>\n\t\t\t\t\t<\/div>\n\t\t\t\t<\/div>\n\t\t\t\t<\/div>\n\t\t<div class=\"elementor-element elementor-element-73f6b2c e-flex e-con-boxed e-con e-parent\" data-id=\"73f6b2c\" data-element_type=\"container\" data-e-type=\"container\">\n\t\t\t\t\t<div class=\"e-con-inner\">\n\t\t\t\t<div class=\"elementor-element elementor-element-165568c elementor-widget elementor-widget-spacer\" data-id=\"165568c\" data-element_type=\"widget\" data-e-type=\"widget\" data-widget_type=\"spacer.default\">\n\t\t\t\t\t\t\t<div class=\"elementor-spacer\">\n\t\t\t<div class=\"elementor-spacer-inner\"><\/div>\n\t\t<\/div>\n\t\t\t\t\t\t<\/div>\n\t\t\t\t<div class=\"elementor-element elementor-element-2332560 elementor-widget elementor-widget-heading\" data-id=\"2332560\" data-element_type=\"widget\" data-e-type=\"widget\" data-widget_type=\"heading.default\">\n\t\t\t\t\t<h4 class=\"elementor-heading-title elementor-size-default\">About Me<\/h4>\t\t\t\t<\/div>\n\t\t\t\t\t<\/div>\n\t\t\t\t<\/div>\n\t\t<div class=\"elementor-element elementor-element-97ae6ae e-flex e-con-boxed e-con e-parent\" data-id=\"97ae6ae\" data-element_type=\"container\" data-e-type=\"container\">\n\t\t\t\t\t<div class=\"e-con-inner\">\n\t\t<div class=\"elementor-element elementor-element-1d8c0bd e-con-full e-flex e-con e-child\" data-id=\"1d8c0bd\" data-element_type=\"container\" data-e-type=\"container\">\n\t\t\t\t<div class=\"elementor-element elementor-element-5e549c3 elementor-widget elementor-widget-text-editor\" data-id=\"5e549c3\" data-element_type=\"widget\" data-e-type=\"widget\" data-widget_type=\"text-editor.default\">\n\t\t\t\t\t\t\t\t\t<p class=\"tm6\"><span class=\"tm7\">My musical career started at the age of 5 with piano lessons. I didn't love the Czerny etudes so much, but I loved improvising. My great aunt, who paid for my piano lessons, decided eventually that she'd had enough of my plink-plonk and gave her pianino away to my uncle, which brought my piano lessons to an untimely end.<\/span><\/p><p class=\"tm6\"><span class=\"tm7\">By that time I was in high school and chose guitar as an optional subject. My guitar accompanied me for many years on holidays, at work and at the campfire, whenever we were singing together.<\/span><\/p><p class=\"tm6\"><span class=\"tm7\">When I was sixteen I founded my first band. It wasn't a great success. We only ever had two rehearsals as far as I can remember. I couldn't decide whether to strum or plink-plonk.<\/span><\/p><p class=\"tm6\"><span class=\"tm7\">As a student I got a phone call one day. A friend of mine was running a mobile theater company, and his sound and light engineer was ill. He was looking for a stand in and asked me if I would like to do it. I had no idea if I could, so I said yes. Four days later I was on tour. I was briefed en route in the van and two hours later I was riding my first show. What fun. I stayed with the company for several years until it dissolved.<\/span><\/p><p class=\"tm6\"><span class=\"tm7\">In 2001 I founded my second band, together with a work mate, and this band lasted longer. I played bass in this band, I got to love the instrument so I took lessons for several years. We recorded an EP, and we had a studio console and an 8track tape recorder - later cubase and pc - in our rehearsal room. We started recording and mixing down our rehearsals.<\/span><\/p><p class=\"tm6\"><span class=\"tm7\">Soon we also recorded the bands who shared our rehearsal room, and eventually we got booked for recordings from other people as well.<\/span><\/p><p class=\"tm6\"><span class=\"tm7\">In 2006 my work mate and me got fired from our jobs and we decided to open a recording studio and rehearsal rooms. Rooom 66 was born. For 15 years it was my second home.<\/span><\/p><p class=\"tm6\"><span class=\"tm7\">For three years we also had a cocktail bar in Vienna city center, where we had concerts regularly.<\/span><\/p><p class=\"tm6\"><span class=\"tm7\">From 2018 on I worked as FOH more and more, and 2019 I got to know Natalie Jean-Marain, an outstanding vocal coach, who put the vocal recordings of her album in my hands. With her I specialize in vocal producing.<\/span><\/p><p class=\"tm6\"><span class=\"tm7\">In 2022 the lease for the Room 66 was terminated, so we dissolved our business. I started my own recording studio.<\/span><\/p><p class=\"tm6\"><span class=\"tm7\">Whenever I don't work in the studio I act as sound engineer in live venues round Vienna - mostly The Loft, or I am on tour with one of \"my \" bands. Or I am swimming, bouldern, inlinskating, rding or reading and lazing in my garden with my two cats.<\/span><\/p>\t\t\t\t\t\t\t\t<\/div>\n\t\t\t\t<\/div>\n\t\t<div class=\"elementor-element elementor-element-771c096 e-con-full e-flex e-con e-child\" data-id=\"771c096\" data-element_type=\"container\" data-e-type=\"container\">\n\t\t\t\t<div class=\"elementor-element elementor-element-5030e1a elementor-widget elementor-widget-image\" data-id=\"5030e1a\" data-element_type=\"widget\" data-e-type=\"widget\" data-widget_type=\"image.default\">\n\t\t\t\t\t\t\t\t\t\t\t\t\t\t\t<img decoding=\"async\" width=\"150\" height=\"150\" src=\"https:\/\/heidibobal.com\/wp-content\/uploads\/2026\/02\/bss-web-150x150.jpg\" class=\"attachment-thumbnail size-thumbnail wp-image-144\" alt=\"\" \/>\t\t\t\t\t\t\t\t\t\t\t\t\t\t\t<\/div>\n\t\t\t\t<div class=\"elementor-element elementor-element-33bb101 elementor-widget elementor-widget-text-editor\" data-id=\"33bb101\" data-element_type=\"widget\" data-e-type=\"widget\" data-widget_type=\"text-editor.default\">\n\t\t\t\t\t\t\t\t\t<p class=\"tm6\"><strong><span class=\"tm8\">My logo<\/span><\/strong><\/p><p><span class=\"tm7\">I have been asked about my logo a lot.\u00a0<br \/>I designed and drew it myself..\u00a0<br \/><\/span><strong><span class=\"tm8\">Das Seepferdchen<\/span><\/strong><span class=\"tm7\">\u00a0The seahorse is a symbol for listening to your heart and following your own light. As seahorses live in the deep sea, there's no other light to follow than their own. I have always liked seahorses. They radiate serenety and joy. I don't know why the seahoorse wanted to be blue, but there it is.<\/span><\/p><p class=\"tm6\"><strong><span class=\"tm8\">The yellow symbol<\/span><\/strong><span class=\"tm7\">\u00a0behind the seahorse is my take on the Ananse Ntontan aka the spider's web. I made it yellow-red to make it shine like the sun. It originates from Africa and stands for wisdom, creativity und the complexity of life. Wisdom relates to experience, knowledge, and good judgment in decision-making and taking action. Creativity includes using imagination and original ideas in artistic work or creating something new and different.<\/span><\/p><p class=\"tm6\"><span class=\"tm7\">Ananse, the spider, is a well-known character in West African folklore. Stories describe the spider as the Messenger of the Supreme Being, weaving a communication web of \u201ctumi\u201d (energy) that permeates all Creation \u2013 spirit world and physical world.\u00a0<br \/>Ananse also bears the title of \u201cChief Prankster\u201d. I very much like that. Sometimes I wish I was a big prankster too, when the world doesn't give us much to laugh about.<\/span><\/p>\t\t\t\t\t\t\t\t<\/div>\n\t\t\t\t<\/div>\n\t\t\t\t\t<\/div>\n\t\t\t\t<\/div>\n\t\t<div class=\"elementor-element elementor-element-78c47faa e-flex e-con-boxed e-con e-parent\" data-id=\"78c47faa\" data-element_type=\"container\" data-e-type=\"container\">\n\t\t\t\t\t<div class=\"e-con-inner\">\n\t\t\t\t<div class=\"elementor-element elementor-element-331f3bbb elementor-widget elementor-widget-elementskit-social-media\" data-id=\"331f3bbb\" data-element_type=\"widget\" data-e-type=\"widget\" data-widget_type=\"elementskit-social-media.default\">\n\t\t\t\t<div class=\"elementor-widget-container\">\n\t\t\t\t\t<div class=\"ekit-wid-con\" >\t\t\t <ul class=\"ekit_social_media\">\n\t\t\t\t\t\t\t\t\t\t\t\t\t\t<li class=\"elementor-repeater-item-53be35b\">\n\t\t\t\t\t    <a\n\t\t\t\t\t\thref=\"https:\/\/www.facebook.com\/heidi.bobal\" target=\"_blank\" rel=\"nofollow\" aria-label=\"Facebook\" class=\"facebook\" >\n\t\t\t\t\t\t\t\n\t\t\t\t\t\t\t<svg class=\"ekit-svg-icon icon-facebook\" viewbox=\"0 0 32 32\" xmlns=\"http:\/\/www.w3.org\/2000\/svg\"><path d=\"M23.999 0.407l-4.15-0.007c-4.662 0-7.675 3.091-7.675 7.875v3.631h-4.172c-0.361 0-0.652 0.292-0.652 0.653v5.261c0 0.361 0.292 0.652 0.652 0.652h4.172v13.275c0 0.361 0.292 0.653 0.652 0.653h5.444c0.361 0 0.652-0.292 0.652-0.652v-13.275h4.878c0.361 0 0.652-0.292 0.652-0.652l0.002-5.261c0-0.173-0.069-0.339-0.191-0.461s-0.289-0.191-0.462-0.191h-4.88v-3.078c0-1.479 0.353-2.23 2.28-2.23l2.795-0.001c0.36 0 0.652-0.292 0.652-0.652v-4.885c0-0.36-0.292-0.652-0.651-0.652z\"><\/path><\/svg>\n                                                                                                            <\/a>\n                    <\/li>\n                    \t\t\t\t\t\t\t\t\t\t\t\t\t\t<li class=\"elementor-repeater-item-c125466\">\n\t\t\t\t\t    <a\n\t\t\t\t\t\thref=\"https:\/\/www.instagram.com\/heidibobal\/\" target=\"_blank\" rel=\"nofollow\" aria-label=\"Instagram\" class=\"instagram\" >\n\t\t\t\t\t\t\t\n\t\t\t\t\t\t\t<svg aria-hidden=\"true\" class=\"e-font-icon-svg e-fab-instagram\" viewbox=\"0 0 448 512\" xmlns=\"http:\/\/www.w3.org\/2000\/svg\"><path d=\"M224.1 141c-63.6 0-114.9 51.3-114.9 114.9s51.3 114.9 114.9 114.9S339 319.5 339 255.9 287.7 141 224.1 141zm0 189.6c-41.1 0-74.7-33.5-74.7-74.7s33.5-74.7 74.7-74.7 74.7 33.5 74.7 74.7-33.6 74.7-74.7 74.7zm146.4-194.3c0 14.9-12 26.8-26.8 26.8-14.9 0-26.8-12-26.8-26.8s12-26.8 26.8-26.8 26.8 12 26.8 26.8zm76.1 27.2c-1.7-35.9-9.9-67.7-36.2-93.9-26.2-26.2-58-34.4-93.9-36.2-37-2.1-147.9-2.1-184.9 0-35.8 1.7-67.6 9.9-93.9 36.1s-34.4 58-36.2 93.9c-2.1 37-2.1 147.9 0 184.9 1.7 35.9 9.9 67.7 36.2 93.9s58 34.4 93.9 36.2c37 2.1 147.9 2.1 184.9 0 35.9-1.7 67.7-9.9 93.9-36.2 26.2-26.2 34.4-58 36.2-93.9 2.1-37 2.1-147.8 0-184.8zM398.8 388c-7.8 19.6-22.9 34.7-42.6 42.6-29.5 11.7-99.5 9-132.1 9s-102.7 2.6-132.1-9c-19.6-7.8-34.7-22.9-42.6-42.6-11.7-29.5-9-99.5-9-132.1s-2.6-102.7 9-132.1c7.8-19.6 22.9-34.7 42.6-42.6 29.5-11.7 99.5-9 132.1-9s102.7-2.6 132.1 9c19.6 7.8 34.7 22.9 42.6 42.6 11.7 29.5 9 99.5 9 132.1s2.7 102.7-9 132.1z\"><\/path><\/svg>\n                                                                                                            <\/a>\n                    <\/li>\n                    \t\t\t\t\t\t\t<\/ul>\n\t\t<\/div>\t\t\t\t<\/div>\n\t\t\t\t<\/div>\n\t\t\t\t\t<\/div>\n\t\t\t\t<\/div>\n\t\t<div class=\"elementor-element elementor-element-6265eb8f e-flex e-con-boxed e-con e-parent\" data-id=\"6265eb8f\" data-element_type=\"container\" data-e-type=\"container\">\n\t\t\t\t\t<div class=\"e-con-inner\">\n\t\t\t\t<div class=\"elementor-element elementor-element-4436bc15 elementor-widget elementor-widget-text-editor\" data-id=\"4436bc15\" data-element_type=\"widget\" data-e-type=\"widget\" data-widget_type=\"text-editor.default\">\n\t\t\t\t\t\t\t\t\t<p>Bobal Sound Studio, Heidi Bobal<br \/>V\u00f6sendorferstrasse 41, 1230 Wien\u00a0<\/p><p>copyright 2026 Heidi Bobal<\/p>\t\t\t\t\t\t\t\t<\/div>\n\t\t\t\t\t<\/div>\n\t\t\t\t<\/div>\n\t\t\t\t<\/div>","protected":false},"excerpt":{"rendered":"<p>Manchmal braucht es nur jemanden, die an dich glaubt Ein Tonstudio von Frau zu Frau Willkommen Testimonials Referenzen Preise \u00dcber mich X Willkommen Testimonials Referenzen Preise \u00dcber mich \u00dcber mich Meine musikalische Laufbahn begann mit 5 Jahren, als ich Klavier spielen lernte. Ich liebte die Czerny Et\u00fcden nicht so sehr, aber das Improvisieren schon. Meine [&hellip;]<\/p>\n","protected":false},"author":1,"featured_media":0,"parent":0,"menu_order":0,"comment_status":"closed","ping_status":"closed","template":"elementor_canvas","meta":{"footnotes":""},"class_list":["post-60","page","type-page","status-publish","hentry"],"_links":{"self":[{"href":"https:\/\/heidibobal.com\/en\/wp-json\/wp\/v2\/pages\/60","targetHints":{"allow":["GET"]}}],"collection":[{"href":"https:\/\/heidibobal.com\/en\/wp-json\/wp\/v2\/pages"}],"about":[{"href":"https:\/\/heidibobal.com\/en\/wp-json\/wp\/v2\/types\/page"}],"author":[{"embeddable":true,"href":"https:\/\/heidibobal.com\/en\/wp-json\/wp\/v2\/users\/1"}],"replies":[{"embeddable":true,"href":"https:\/\/heidibobal.com\/en\/wp-json\/wp\/v2\/comments?post=60"}],"version-history":[{"count":7,"href":"https:\/\/heidibobal.com\/en\/wp-json\/wp\/v2\/pages\/60\/revisions"}],"predecessor-version":[{"id":216,"href":"https:\/\/heidibobal.com\/en\/wp-json\/wp\/v2\/pages\/60\/revisions\/216"}],"wp:attachment":[{"href":"https:\/\/heidibobal.com\/en\/wp-json\/wp\/v2\/media?parent=60"}],"curies":[{"name":"wp","href":"https:\/\/api.w.org\/{rel}","templated":true}]}}